{"id":329,"date":"2024-10-13T15:56:39","date_gmt":"2024-10-13T20:56:39","guid":{"rendered":"https:\/\/mysitio.link\/wilsongomez\/?page_id=329"},"modified":"2025-09-29T22:41:44","modified_gmt":"2025-09-30T03:41:44","slug":"biografia","status":"publish","type":"page","link":"https:\/\/mysitio.link\/wilsongomez\/biografia\/","title":{"rendered":"Biograf\u00eda"},"content":{"rendered":"\t\t<div data-elementor-type=\"wp-page\" data-elementor-id=\"329\" class=\"elementor elementor-329\">\n\t\t\t\t<div class=\"elementor-element elementor-element-82530ac e-flex e-con-boxed e-con e-parent\" data-id=\"82530ac\" data-element_type=\"container\" data-e-type=\"container\" data-settings=\"{&quot;background_background&quot;:&quot;classic&quot;,&quot;shape_divider_bottom&quot;:&quot;opacity-fan&quot;}\">\n\t\t\t\t\t<div class=\"e-con-inner\">\n\t\t\t\t<div class=\"elementor-shape elementor-shape-bottom\" aria-hidden=\"true\" data-negative=\"false\">\n\t\t\t<svg xmlns=\"http:\/\/www.w3.org\/2000\/svg\" viewBox=\"0 0 283.5 19.6\" preserveAspectRatio=\"none\">\n\t<path class=\"elementor-shape-fill\" style=\"opacity:0.33\" d=\"M0 0L0 18.8 141.8 4.1 283.5 18.8 283.5 0z\"\/>\n\t<path class=\"elementor-shape-fill\" style=\"opacity:0.33\" d=\"M0 0L0 12.6 141.8 4 283.5 12.6 283.5 0z\"\/>\n\t<path class=\"elementor-shape-fill\" style=\"opacity:0.33\" d=\"M0 0L0 6.4 141.8 4 283.5 6.4 283.5 0z\"\/>\n\t<path class=\"elementor-shape-fill\" d=\"M0 0L0 1.2 141.8 4 283.5 1.2 283.5 0z\"\/>\n<\/svg>\t\t<\/div>\n\t\t\t\t\t<\/div>\n\t\t\t\t<\/div>\n\t\t<div class=\"elementor-element elementor-element-6038706 e-flex e-con-boxed e-con e-parent\" data-id=\"6038706\" data-element_type=\"container\" data-e-type=\"container\" data-settings=\"{&quot;background_background&quot;:&quot;classic&quot;}\">\n\t\t\t\t\t<div class=\"e-con-inner\">\n\t\t\t\t<div class=\"elementor-element elementor-element-4bc2993 elementor-widget__width-initial elementor-widget-tablet__width-initial elementor-widget elementor-widget-heading\" data-id=\"4bc2993\" data-element_type=\"widget\" data-e-type=\"widget\" data-widget_type=\"heading.default\">\n\t\t\t\t<div class=\"elementor-widget-container\">\n\t\t\t\t\t<h2 class=\"elementor-heading-title elementor-size-default\">Wilson G\u00f3mez<\/h2>\t\t\t\t<\/div>\n\t\t\t\t<\/div>\n\t\t<div class=\"elementor-element elementor-element-2de456a e-con-full e-flex e-con e-child\" data-id=\"2de456a\" data-element_type=\"container\" data-e-type=\"container\" data-settings=\"{&quot;background_background&quot;:&quot;classic&quot;}\">\n\t\t\t\t<div class=\"elementor-element elementor-element-b79c002 elementor-widget__width-initial elementor-widget-mobile__width-inherit elementor-widget-tablet__width-inherit elementor-widget elementor-widget-text-editor\" data-id=\"b79c002\" data-element_type=\"widget\" data-e-type=\"widget\" data-widget_type=\"text-editor.default\">\n\t\t\t\t<div class=\"elementor-widget-container\">\n\t\t\t\t\t\t\t\t\t<div>Wilson de Jes\u00fas G\u00f3mez Zapata<\/div><div>\u00a0<\/div><div>Naci\u00f3 un 9 de abril, en una vereda llamada Los Cedros de San Jer\u00f3nimo Antioquia, Colombia, el menor de 13 hermanos de la dinast\u00eda G\u00f3mez Zapata, 10 hombres y 3 mujeres, entre ellos 8 cantautores.<\/div><div>\u00a0<\/div><div>Wilson es cantautor de muchas canciones, entre ellas las m\u00e1s reconocidas: Se fue, Harina de otro costal, Ella es mi madre, Hoy en tu d\u00eda, Recordando a mi madre y entre otras.<\/div><div>\u00a0<\/div><div>El inicio su carrera como compositor a los 21 a\u00f1os y como cantante a los 36 a\u00f1os.<\/div><div>Grab\u00f3 en Soldimusic, Colmusica, Faver Producciones y Char Producciones.<\/div><div>\u00a0<\/div><div>Ha sido reconocido como artista nacional e internacional gracias al programa Yo me llamo del a\u00f1o 2014, imitando a su hermano Dar\u00edo G\u00f3mez.<\/div><div>\u00a0<\/div><div>Teniendo hasta el momento 7 giras por Europa, 3 por Chile y todo Colombia, con proyectos de visitar otros pa\u00edses.<\/div><div>Siempre va de la mano de mi Dios.<\/div><div>\u00a0<\/div><div>\u00a0<\/div><div>MIS CANCIONES M\u00c1S RECONOCIDAS<\/div><div>\u2022Se fue<\/div><div>\u2022Ella es mi madre<\/div><div>\u2022Recordando a mi madre<\/div><div>\u2022Harina de otro costal<\/div><div>\u2022Te confiaste de m\u00ed<\/div><div>\u2022Sent\u00ed morir<\/div><div>\u2022Traga maluca<\/div><div>\u2022Hoy en tu d\u00eda<\/div><div>\u2022Tu hipocres\u00eda<\/div><div>\u2022Entre otras<\/div><div>\u00a0<\/div><div>Total canciones de mi autor\u00eda: 45<\/div><div>\u00a0<\/div><div>Todas las canciones las puedes encontrar en todas las plataformas digitales.<\/div>\t\t\t\t\t\t\t\t<\/div>\n\t\t\t\t<\/div>\n\t\t\t\t<\/div>\n\t\t\t\t\t<\/div>\n\t\t\t\t<\/div>\n\t\t\t\t<\/div>\n\t\t","protected":false},"excerpt":{"rendered":"<p>Wilson G\u00f3mez Wilson de Jes\u00fas G\u00f3mez Zapata\u00a0Naci\u00f3 un 9 de abril, en una vereda llamada Los Cedros de San Jer\u00f3nimo [&hellip;]<\/p>\n","protected":false},"author":1,"featured_media":1239,"parent":0,"menu_order":0,"comment_status":"closed","ping_status":"closed","template":"","meta":{"site-sidebar-layout":"no-sidebar","site-content-layout":"","ast-site-content-layout":"full-width-container","site-content-style":"default","site-sidebar-style":"default","ast-global-header-display":"disabled","ast-banner-title-visibility":"disabled","ast-main-header-display":"","ast-hfb-above-header-display":"","ast-hfb-below-header-display":"","ast-hfb-mobile-header-display":"","site-post-title":"disabled","ast-breadcrumbs-content":"","ast-featured-img":"disabled","footer-sml-layout":"disabled","ast-disable-related-posts":"","theme-transparent-header-meta":"","adv-header-id-meta":"","stick-header-meta":"","header-above-stick-meta":"","header-main-stick-meta":"","header-below-stick-meta":"","astra-migrate-meta-layouts":"default","ast-page-background-enabled":"default","ast-page-background-meta":{"desktop":{"background-color":"var(--ast-global-color-4)","background-image":"","background-repeat":"repeat","background-position":"center center","background-size":"auto","background-attachment":"scroll","background-type":"","background-media":"","overlay-type":"","overlay-color":"","overlay-opacity":"","overlay-gradient":""},"tablet":{"background-color":"","background-image":"","background-repeat":"repeat","background-position":"center center","background-size":"auto","background-attachment":"scroll","background-type":"","background-media":"","overlay-type":"","overlay-color":"","overlay-opacity":"","overlay-gradient":""},"mobile":{"background-color":"","background-image":"","background-repeat":"repeat","background-position":"center center","background-size":"auto","background-attachment":"scroll","background-type":"","background-media":"","overlay-type":"","overlay-color":"","overlay-opacity":"","overlay-gradient":""}},"ast-content-background-meta":{"desktop":{"background-color":"var(--ast-global-color-5)","background-image":"","background-repeat":"repeat","background-position":"center center","background-size":"auto","background-attachment":"scroll","background-type":"","background-media":"","overlay-type":"","overlay-color":"","overlay-opacity":"","overlay-gradient":""},"tablet":{"background-color":"var(--ast-global-color-5)","background-image":"","background-repeat":"repeat","background-position":"center center","background-size":"auto","background-attachment":"scroll","background-type":"","background-media":"","overlay-type":"","overlay-color":"","overlay-opacity":"","overlay-gradient":""},"mobile":{"background-color":"var(--ast-global-color-5)","background-image":"","background-repeat":"repeat","background-position":"center center","background-size":"auto","background-attachment":"scroll","background-type":"","background-media":"","overlay-type":"","overlay-color":"","overlay-opacity":"","overlay-gradient":""}},"footnotes":""},"class_list":["post-329","page","type-page","status-publish","has-post-thumbnail","hentry"],"yoast_head":"<!-- This site is optimized with the Yoast SEO plugin v27.5 - https:\/\/yoast.com\/product\/yoast-seo-wordpress\/ -->\n<title>Biograf\u00eda - Wilson G\u00f3mez Zapata<\/title>\n<meta name=\"robots\" content=\"index, follow, max-snippet:-1, max-image-preview:large, max-video-preview:-1\" \/>\n<link rel=\"canonical\" href=\"https:\/\/mysitio.link\/wilsongomez\/biografia\/\" \/>\n<meta property=\"og:locale\" content=\"es_ES\" \/>\n<meta property=\"og:type\" content=\"article\" \/>\n<meta property=\"og:title\" content=\"Biograf\u00eda - Wilson G\u00f3mez Zapata\" \/>\n<meta property=\"og:description\" content=\"Wilson G\u00f3mez Wilson de Jes\u00fas G\u00f3mez Zapata\u00a0Naci\u00f3 un 9 de abril, en una vereda llamada Los Cedros de San Jer\u00f3nimo [&hellip;]\" \/>\n<meta property=\"og:url\" content=\"https:\/\/mysitio.link\/wilsongomez\/biografia\/\" \/>\n<meta property=\"og:site_name\" content=\"Wilson G\u00f3mez Zapata\" \/>\n<meta property=\"article:modified_time\" content=\"2025-09-30T03:41:44+00:00\" \/>\n<meta property=\"og:image\" content=\"https:\/\/mysitio.link\/wilsongomez\/wp-content\/uploads\/sites\/21\/2025\/09\/wilson-gomez-zapata-2.webp\" \/>\n\t<meta property=\"og:image:width\" content=\"740\" \/>\n\t<meta property=\"og:image:height\" content=\"515\" \/>\n\t<meta property=\"og:image:type\" content=\"image\/webp\" \/>\n<meta name=\"twitter:card\" content=\"summary_large_image\" \/>\n<meta name=\"twitter:label1\" content=\"Tiempo de lectura\" \/>\n\t<meta name=\"twitter:data1\" content=\"1 minuto\" \/>\n<script type=\"application\/ld+json\" class=\"yoast-schema-graph\">{\"@context\":\"https:\\\/\\\/schema.org\",\"@graph\":[{\"@type\":\"WebPage\",\"@id\":\"https:\\\/\\\/mysitio.link\\\/wilsongomez\\\/biografia\\\/\",\"url\":\"https:\\\/\\\/mysitio.link\\\/wilsongomez\\\/biografia\\\/\",\"name\":\"Biograf\u00eda - Wilson G\u00f3mez Zapata\",\"isPartOf\":{\"@id\":\"https:\\\/\\\/mysitio.link\\\/wilsongomez\\\/#website\"},\"primaryImageOfPage\":{\"@id\":\"https:\\\/\\\/mysitio.link\\\/wilsongomez\\\/biografia\\\/#primaryimage\"},\"image\":{\"@id\":\"https:\\\/\\\/mysitio.link\\\/wilsongomez\\\/biografia\\\/#primaryimage\"},\"thumbnailUrl\":\"https:\\\/\\\/mysitio.link\\\/wilsongomez\\\/wp-content\\\/uploads\\\/sites\\\/21\\\/2025\\\/09\\\/wilson-gomez-zapata-2.webp\",\"datePublished\":\"2024-10-13T20:56:39+00:00\",\"dateModified\":\"2025-09-30T03:41:44+00:00\",\"breadcrumb\":{\"@id\":\"https:\\\/\\\/mysitio.link\\\/wilsongomez\\\/biografia\\\/#breadcrumb\"},\"inLanguage\":\"es\",\"potentialAction\":[{\"@type\":\"ReadAction\",\"target\":[\"https:\\\/\\\/mysitio.link\\\/wilsongomez\\\/biografia\\\/\"]}]},{\"@type\":\"ImageObject\",\"inLanguage\":\"es\",\"@id\":\"https:\\\/\\\/mysitio.link\\\/wilsongomez\\\/biografia\\\/#primaryimage\",\"url\":\"https:\\\/\\\/mysitio.link\\\/wilsongomez\\\/wp-content\\\/uploads\\\/sites\\\/21\\\/2025\\\/09\\\/wilson-gomez-zapata-2.webp\",\"contentUrl\":\"https:\\\/\\\/mysitio.link\\\/wilsongomez\\\/wp-content\\\/uploads\\\/sites\\\/21\\\/2025\\\/09\\\/wilson-gomez-zapata-2.webp\",\"width\":740,\"height\":515},{\"@type\":\"BreadcrumbList\",\"@id\":\"https:\\\/\\\/mysitio.link\\\/wilsongomez\\\/biografia\\\/#breadcrumb\",\"itemListElement\":[{\"@type\":\"ListItem\",\"position\":1,\"name\":\"Portada\",\"item\":\"https:\\\/\\\/mysitio.link\\\/wilsongomez\\\/\"},{\"@type\":\"ListItem\",\"position\":2,\"name\":\"Biograf\u00eda\"}]},{\"@type\":\"WebSite\",\"@id\":\"https:\\\/\\\/mysitio.link\\\/wilsongomez\\\/#website\",\"url\":\"https:\\\/\\\/mysitio.link\\\/wilsongomez\\\/\",\"name\":\"Wilson G\u00f3mez Zapata\",\"description\":\"\",\"potentialAction\":[{\"@type\":\"SearchAction\",\"target\":{\"@type\":\"EntryPoint\",\"urlTemplate\":\"https:\\\/\\\/mysitio.link\\\/wilsongomez\\\/?s={search_term_string}\"},\"query-input\":{\"@type\":\"PropertyValueSpecification\",\"valueRequired\":true,\"valueName\":\"search_term_string\"}}],\"inLanguage\":\"es\"}]}<\/script>\n<!-- \/ Yoast SEO plugin. -->","yoast_head_json":{"title":"Biograf\u00eda - Wilson G\u00f3mez Zapata","robots":{"index":"index","follow":"follow","max-snippet":"max-snippet:-1","max-image-preview":"max-image-preview:large","max-video-preview":"max-video-preview:-1"},"canonical":"https:\/\/mysitio.link\/wilsongomez\/biografia\/","og_locale":"es_ES","og_type":"article","og_title":"Biograf\u00eda - Wilson G\u00f3mez Zapata","og_description":"Wilson G\u00f3mez Wilson de Jes\u00fas G\u00f3mez Zapata\u00a0Naci\u00f3 un 9 de abril, en una vereda llamada Los Cedros de San Jer\u00f3nimo [&hellip;]","og_url":"https:\/\/mysitio.link\/wilsongomez\/biografia\/","og_site_name":"Wilson G\u00f3mez Zapata","article_modified_time":"2025-09-30T03:41:44+00:00","og_image":[{"width":740,"height":515,"url":"https:\/\/mysitio.link\/wilsongomez\/wp-content\/uploads\/sites\/21\/2025\/09\/wilson-gomez-zapata-2.webp","type":"image\/webp"}],"twitter_card":"summary_large_image","twitter_misc":{"Tiempo de lectura":"1 minuto"},"schema":{"@context":"https:\/\/schema.org","@graph":[{"@type":"WebPage","@id":"https:\/\/mysitio.link\/wilsongomez\/biografia\/","url":"https:\/\/mysitio.link\/wilsongomez\/biografia\/","name":"Biograf\u00eda - Wilson G\u00f3mez Zapata","isPartOf":{"@id":"https:\/\/mysitio.link\/wilsongomez\/#website"},"primaryImageOfPage":{"@id":"https:\/\/mysitio.link\/wilsongomez\/biografia\/#primaryimage"},"image":{"@id":"https:\/\/mysitio.link\/wilsongomez\/biografia\/#primaryimage"},"thumbnailUrl":"https:\/\/mysitio.link\/wilsongomez\/wp-content\/uploads\/sites\/21\/2025\/09\/wilson-gomez-zapata-2.webp","datePublished":"2024-10-13T20:56:39+00:00","dateModified":"2025-09-30T03:41:44+00:00","breadcrumb":{"@id":"https:\/\/mysitio.link\/wilsongomez\/biografia\/#breadcrumb"},"inLanguage":"es","potentialAction":[{"@type":"ReadAction","target":["https:\/\/mysitio.link\/wilsongomez\/biografia\/"]}]},{"@type":"ImageObject","inLanguage":"es","@id":"https:\/\/mysitio.link\/wilsongomez\/biografia\/#primaryimage","url":"https:\/\/mysitio.link\/wilsongomez\/wp-content\/uploads\/sites\/21\/2025\/09\/wilson-gomez-zapata-2.webp","contentUrl":"https:\/\/mysitio.link\/wilsongomez\/wp-content\/uploads\/sites\/21\/2025\/09\/wilson-gomez-zapata-2.webp","width":740,"height":515},{"@type":"BreadcrumbList","@id":"https:\/\/mysitio.link\/wilsongomez\/biografia\/#breadcrumb","itemListElement":[{"@type":"ListItem","position":1,"name":"Portada","item":"https:\/\/mysitio.link\/wilsongomez\/"},{"@type":"ListItem","position":2,"name":"Biograf\u00eda"}]},{"@type":"WebSite","@id":"https:\/\/mysitio.link\/wilsongomez\/#website","url":"https:\/\/mysitio.link\/wilsongomez\/","name":"Wilson G\u00f3mez Zapata","description":"","potentialAction":[{"@type":"SearchAction","target":{"@type":"EntryPoint","urlTemplate":"https:\/\/mysitio.link\/wilsongomez\/?s={search_term_string}"},"query-input":{"@type":"PropertyValueSpecification","valueRequired":true,"valueName":"search_term_string"}}],"inLanguage":"es"}]}},"_links":{"self":[{"href":"https:\/\/mysitio.link\/wilsongomez\/wp-json\/wp\/v2\/pages\/329","targetHints":{"allow":["GET"]}}],"collection":[{"href":"https:\/\/mysitio.link\/wilsongomez\/wp-json\/wp\/v2\/pages"}],"about":[{"href":"https:\/\/mysitio.link\/wilsongomez\/wp-json\/wp\/v2\/types\/page"}],"author":[{"embeddable":true,"href":"https:\/\/mysitio.link\/wilsongomez\/wp-json\/wp\/v2\/users\/1"}],"replies":[{"embeddable":true,"href":"https:\/\/mysitio.link\/wilsongomez\/wp-json\/wp\/v2\/comments?post=329"}],"version-history":[{"count":18,"href":"https:\/\/mysitio.link\/wilsongomez\/wp-json\/wp\/v2\/pages\/329\/revisions"}],"predecessor-version":[{"id":1242,"href":"https:\/\/mysitio.link\/wilsongomez\/wp-json\/wp\/v2\/pages\/329\/revisions\/1242"}],"wp:featuredmedia":[{"embeddable":true,"href":"https:\/\/mysitio.link\/wilsongomez\/wp-json\/wp\/v2\/media\/1239"}],"wp:attachment":[{"href":"https:\/\/mysitio.link\/wilsongomez\/wp-json\/wp\/v2\/media?parent=329"}],"curies":[{"name":"wp","href":"https:\/\/api.w.org\/{rel}","templated":true}]}}