{"id":329,"date":"2024-10-13T15:56:39","date_gmt":"2024-10-13T20:56:39","guid":{"rendered":"https:\/\/mysitio.link\/robertoali\/?page_id=329"},"modified":"2026-03-04T09:14:28","modified_gmt":"2026-03-04T14:14:28","slug":"biografia","status":"publish","type":"page","link":"https:\/\/mysitio.link\/robertoali\/biografia\/","title":{"rendered":"Biograf\u00eda"},"content":{"rendered":"\t\t<div data-elementor-type=\"wp-page\" data-elementor-id=\"329\" class=\"elementor elementor-329\">\n\t\t\t\t<div class=\"elementor-element elementor-element-1a8e097 e-flex e-con-boxed e-con e-parent\" data-id=\"1a8e097\" data-element_type=\"container\" data-e-type=\"container\" data-settings=\"{&quot;background_background&quot;:&quot;classic&quot;}\">\n\t\t\t\t\t<div class=\"e-con-inner\">\n\t\t\t\t\t<\/div>\n\t\t\t\t<\/div>\n\t\t<div class=\"elementor-element elementor-element-6038706 e-flex e-con-boxed e-con e-parent\" data-id=\"6038706\" data-element_type=\"container\" data-e-type=\"container\" data-settings=\"{&quot;background_background&quot;:&quot;classic&quot;}\">\n\t\t\t\t\t<div class=\"e-con-inner\">\n\t\t<div class=\"elementor-element elementor-element-2de456a e-con-full e-flex e-con e-child\" data-id=\"2de456a\" data-element_type=\"container\" data-e-type=\"container\" data-settings=\"{&quot;background_background&quot;:&quot;classic&quot;}\">\n\t\t\t\t<div class=\"elementor-element elementor-element-4bc2993 elementor-widget__width-initial elementor-widget-tablet__width-initial elementor-widget elementor-widget-heading\" data-id=\"4bc2993\" data-element_type=\"widget\" data-e-type=\"widget\" data-widget_type=\"heading.default\">\n\t\t\t\t<div class=\"elementor-widget-container\">\n\t\t\t\t\t<h2 class=\"elementor-heading-title elementor-size-default\">Roberto Ali<\/h2>\t\t\t\t<\/div>\n\t\t\t\t<\/div>\n\t\t\t\t<div class=\"elementor-element elementor-element-b79c002 elementor-widget__width-initial elementor-widget-mobile__width-inherit elementor-widget-tablet__width-inherit elementor-widget elementor-widget-text-editor\" data-id=\"b79c002\" data-element_type=\"widget\" data-e-type=\"widget\" data-widget_type=\"text-editor.default\">\n\t\t\t\t<div class=\"elementor-widget-container\">\n\t\t\t\t\t\t\t\t\t<p>Nacido en el barrio de La Paternal, en la Ciudad de Buenos Aires, Argentina, Roberto Ali mostr\u00f3 desde muy joven su pasi\u00f3n por el tango. Tras finalizar sus estudios secundarios, comenz\u00f3 a perfeccionar su talento en el canto bajo la gu\u00eda del profesor Rub\u00e9n de Alvarado en el emblem\u00e1tico Bar Las Palmas, ubicado en Sarmiento y Paran\u00e1. All\u00ed tuvo el privilegio de recibir instrucci\u00f3n del gran cantante Charlo, quien le transmiti\u00f3 el estilo que a\u00fan mantiene, y de Roberto Maida, reconocido int\u00e9rprete que acompa\u00f1\u00f3 a Francisco Canaro. En esos a\u00f1os, Roberto se present\u00f3 en destacadas casas de tango como <strong>La Cachila<\/strong>, <strong>El Hotel de las Am\u00e9ricas<\/strong> y <strong>El Pescadito de La Boca<\/strong>.<\/p><p>Despu\u00e9s de un tiempo alejado de los escenarios, retom\u00f3 su carrera con un enfoque exclusivo en el tango, present\u00e1ndose en lugares ic\u00f3nicos como <strong>La Esquina de Osvaldo Pugliese<\/strong>, <strong>Catedral Tango<\/strong>, <strong>Taconeando<\/strong>, <strong>Bar Quintino<\/strong>, <strong>Candilejas<\/strong>, <strong>Esquina Homero Manzi<\/strong>, <strong>Bien Bohemio<\/strong>, <strong>La Casa del Tango de San Fernando<\/strong> y, especialmente, <strong>La Casa de An\u00edbal Troilo<\/strong>. Tambi\u00e9n actu\u00f3 en reconocidos teatros como el <strong>York de Olivos<\/strong> y el <strong>Lola Membrives<\/strong> de la calle Corrientes. Su trayectoria lo llev\u00f3 a participar en prestigiosas casas de tango de Buenos Aires como <strong>CasaBlanca<\/strong> y <strong>La Ideal Tango Show<\/strong>, as\u00ed como en eventos y festivales destacados, como el Festival de Justo Daract.<\/p><p>A nivel internacional, Roberto se present\u00f3 en Uruguay, en ciudades como Colonia y Montevideo, y entre 2016 y 2022 llev\u00f3 su arte a los mejores teatros y festivales de tango en Colombia, visitando ciudades como Pereira, Santa Rosa, Manizales, Medell\u00edn, Armenia, Marsella, G\u00e9nova, Sevilla, El Cairo, Cartago, Popay\u00e1n y Cali.<\/p><p>Con el paso de los a\u00f1os, Roberto ampli\u00f3 su repertorio a otros g\u00e9neros musicales, como boleros, m\u00fasica italiana y norteamericana, siempre conservando un estilo influenciado por grandes artistas como Frank Sinatra, Tony Bennett y Nat King Cole. Ha compartido escenarios con m\u00fasicos de renombre como Mario Parmisano, Julio Frade, el pianista Jos\u00e9 Valotta, el guitarrista Adolfo Vega, el bandoneonista Armando Trujillo y el director de la Orquesta de Tango de Buenos Aires, Ariel Pirotti. Adem\u00e1s, colabor\u00f3 con el cantante italiano Aldo Perricone en el espect\u00e1culo internacional \u00ab<strong>Dos P\u00edcaros Sinverg\u00fcenzas<\/strong>\u00ab. Tambi\u00e9n incursion\u00f3 en la m\u00fasica l\u00edrica con la compa\u00f1\u00eda de \u00f3pera Bravissimo, dirigida por el tenor Walter Savarese. En 2010 present\u00f3 su \u00e1lbum <strong><em data-start=\"799\" data-end=\"819\">Son cartas de amor<\/em><\/strong>, un homenaje al tango rom\u00e1ntico, en La Esquina de Homero Manzi.<\/p><p>Desde 2015, Roberto se dedica exclusivamente al tango y al bolero. Con una voz afinada y un registro que oscila entre el tenor alto y el tenor bar\u00edtono, es considerado una de las voces m\u00e1s estilizadas en ambos g\u00e9neros. Acompa\u00f1ado por guitarras, piano u orquesta, destaca por su precisi\u00f3n en el fraseo, su dominio del control de la respiraci\u00f3n y su capacidad interpretativa, transmitiendo con maestr\u00eda las emociones y sentimientos presentes en cada canci\u00f3n.<\/p><p data-start=\"124\" data-end=\"349\">Desde octubre de 2024, Roberto Ali se radic\u00f3 en la ciudad de Pereira, Colombia, donde contin\u00faa compartiendo su arte y ofreciendo serenatas y presentaciones en vivo con la elegancia y la pasi\u00f3n que caracterizan su trayectoria.<\/p>\t\t\t\t\t\t\t\t<\/div>\n\t\t\t\t<\/div>\n\t\t\t\t<\/div>\n\t\t\t\t\t<\/div>\n\t\t\t\t<\/div>\n\t\t\t\t<\/div>\n\t\t","protected":false},"excerpt":{"rendered":"<p>Roberto Ali Nacido en el barrio de La Paternal, en la Ciudad de Buenos Aires, Argentina, Roberto Ali mostr\u00f3 desde [&hellip;]<\/p>\n","protected":false},"author":1,"featured_media":0,"parent":0,"menu_order":0,"comment_status":"closed","ping_status":"closed","template":"","meta":{"site-sidebar-layout":"no-sidebar","site-content-layout":"","ast-site-content-layout":"full-width-container","site-content-style":"default","site-sidebar-style":"default","ast-global-header-display":"disabled","ast-banner-title-visibility":"disabled","ast-main-header-display":"","ast-hfb-above-header-display":"","ast-hfb-below-header-display":"","ast-hfb-mobile-header-display":"","site-post-title":"disabled","ast-breadcrumbs-content":"","ast-featured-img":"disabled","footer-sml-layout":"disabled","ast-disable-related-posts":"","theme-transparent-header-meta":"","adv-header-id-meta":"","stick-header-meta":"","header-above-stick-meta":"","header-main-stick-meta":"","header-below-stick-meta":"","astra-migrate-meta-layouts":"default","ast-page-background-enabled":"default","ast-page-background-meta":{"desktop":{"background-color":"var(--ast-global-color-4)","background-image":"","background-repeat":"repeat","background-position":"center center","background-size":"auto","background-attachment":"scroll","background-type":"","background-media":"","overlay-type":"","overlay-color":"","overlay-opacity":"","overlay-gradient":""},"tablet":{"background-color":"","background-image":"","background-repeat":"repeat","background-position":"center center","background-size":"auto","background-attachment":"scroll","background-type":"","background-media":"","overlay-type":"","overlay-color":"","overlay-opacity":"","overlay-gradient":""},"mobile":{"background-color":"","background-image":"","background-repeat":"repeat","background-position":"center center","background-size":"auto","background-attachment":"scroll","background-type":"","background-media":"","overlay-type":"","overlay-color":"","overlay-opacity":"","overlay-gradient":""}},"ast-content-background-meta":{"desktop":{"background-color":"var(--ast-global-color-5)","background-image":"","background-repeat":"repeat","background-position":"center center","background-size":"auto","background-attachment":"scroll","background-type":"","background-media":"","overlay-type":"","overlay-color":"","overlay-opacity":"","overlay-gradient":""},"tablet":{"background-color":"var(--ast-global-color-5)","background-image":"","background-repeat":"repeat","background-position":"center center","background-size":"auto","background-attachment":"scroll","background-type":"","background-media":"","overlay-type":"","overlay-color":"","overlay-opacity":"","overlay-gradient":""},"mobile":{"background-color":"var(--ast-global-color-5)","background-image":"","background-repeat":"repeat","background-position":"center center","background-size":"auto","background-attachment":"scroll","background-type":"","background-media":"","overlay-type":"","overlay-color":"","overlay-opacity":"","overlay-gradient":""}},"footnotes":""},"class_list":["post-329","page","type-page","status-publish","hentry"],"yoast_head":"<!-- This site is optimized with the Yoast SEO plugin v27.4 - https:\/\/yoast.com\/product\/yoast-seo-wordpress\/ -->\n<title>Biograf\u00eda - Roberto Ali<\/title>\n<meta name=\"robots\" content=\"index, follow, max-snippet:-1, max-image-preview:large, max-video-preview:-1\" \/>\n<link rel=\"canonical\" href=\"https:\/\/mysitio.link\/robertoali\/biografia\/\" \/>\n<meta property=\"og:locale\" content=\"es_ES\" \/>\n<meta property=\"og:type\" content=\"article\" \/>\n<meta property=\"og:title\" content=\"Biograf\u00eda - Roberto Ali\" \/>\n<meta property=\"og:description\" content=\"Roberto Ali Nacido en el barrio de La Paternal, en la Ciudad de Buenos Aires, Argentina, Roberto Ali mostr\u00f3 desde [&hellip;]\" \/>\n<meta property=\"og:url\" content=\"https:\/\/mysitio.link\/robertoali\/biografia\/\" \/>\n<meta property=\"og:site_name\" content=\"Roberto Ali\" \/>\n<meta property=\"article:modified_time\" content=\"2026-03-04T14:14:28+00:00\" \/>\n<meta name=\"twitter:card\" content=\"summary_large_image\" \/>\n<meta name=\"twitter:label1\" content=\"Tiempo de lectura\" \/>\n\t<meta name=\"twitter:data1\" content=\"3 minutos\" \/>\n<script type=\"application\/ld+json\" class=\"yoast-schema-graph\">{\"@context\":\"https:\\\/\\\/schema.org\",\"@graph\":[{\"@type\":\"WebPage\",\"@id\":\"https:\\\/\\\/mysitio.link\\\/robertoali\\\/biografia\\\/\",\"url\":\"https:\\\/\\\/mysitio.link\\\/robertoali\\\/biografia\\\/\",\"name\":\"Biograf\u00eda - Roberto Ali\",\"isPartOf\":{\"@id\":\"https:\\\/\\\/mysitio.link\\\/robertoali\\\/#website\"},\"datePublished\":\"2024-10-13T20:56:39+00:00\",\"dateModified\":\"2026-03-04T14:14:28+00:00\",\"breadcrumb\":{\"@id\":\"https:\\\/\\\/mysitio.link\\\/robertoali\\\/biografia\\\/#breadcrumb\"},\"inLanguage\":\"es\",\"potentialAction\":[{\"@type\":\"ReadAction\",\"target\":[\"https:\\\/\\\/mysitio.link\\\/robertoali\\\/biografia\\\/\"]}]},{\"@type\":\"BreadcrumbList\",\"@id\":\"https:\\\/\\\/mysitio.link\\\/robertoali\\\/biografia\\\/#breadcrumb\",\"itemListElement\":[{\"@type\":\"ListItem\",\"position\":1,\"name\":\"Portada\",\"item\":\"https:\\\/\\\/mysitio.link\\\/robertoali\\\/\"},{\"@type\":\"ListItem\",\"position\":2,\"name\":\"Biograf\u00eda\"}]},{\"@type\":\"WebSite\",\"@id\":\"https:\\\/\\\/mysitio.link\\\/robertoali\\\/#website\",\"url\":\"https:\\\/\\\/mysitio.link\\\/robertoali\\\/\",\"name\":\"Roberto Ali\",\"description\":\"\",\"potentialAction\":[{\"@type\":\"SearchAction\",\"target\":{\"@type\":\"EntryPoint\",\"urlTemplate\":\"https:\\\/\\\/mysitio.link\\\/robertoali\\\/?s={search_term_string}\"},\"query-input\":{\"@type\":\"PropertyValueSpecification\",\"valueRequired\":true,\"valueName\":\"search_term_string\"}}],\"inLanguage\":\"es\"}]}<\/script>\n<!-- \/ Yoast SEO plugin. -->","yoast_head_json":{"title":"Biograf\u00eda - Roberto Ali","robots":{"index":"index","follow":"follow","max-snippet":"max-snippet:-1","max-image-preview":"max-image-preview:large","max-video-preview":"max-video-preview:-1"},"canonical":"https:\/\/mysitio.link\/robertoali\/biografia\/","og_locale":"es_ES","og_type":"article","og_title":"Biograf\u00eda - Roberto Ali","og_description":"Roberto Ali Nacido en el barrio de La Paternal, en la Ciudad de Buenos Aires, Argentina, Roberto Ali mostr\u00f3 desde [&hellip;]","og_url":"https:\/\/mysitio.link\/robertoali\/biografia\/","og_site_name":"Roberto Ali","article_modified_time":"2026-03-04T14:14:28+00:00","twitter_card":"summary_large_image","twitter_misc":{"Tiempo de lectura":"3 minutos"},"schema":{"@context":"https:\/\/schema.org","@graph":[{"@type":"WebPage","@id":"https:\/\/mysitio.link\/robertoali\/biografia\/","url":"https:\/\/mysitio.link\/robertoali\/biografia\/","name":"Biograf\u00eda - Roberto Ali","isPartOf":{"@id":"https:\/\/mysitio.link\/robertoali\/#website"},"datePublished":"2024-10-13T20:56:39+00:00","dateModified":"2026-03-04T14:14:28+00:00","breadcrumb":{"@id":"https:\/\/mysitio.link\/robertoali\/biografia\/#breadcrumb"},"inLanguage":"es","potentialAction":[{"@type":"ReadAction","target":["https:\/\/mysitio.link\/robertoali\/biografia\/"]}]},{"@type":"BreadcrumbList","@id":"https:\/\/mysitio.link\/robertoali\/biografia\/#breadcrumb","itemListElement":[{"@type":"ListItem","position":1,"name":"Portada","item":"https:\/\/mysitio.link\/robertoali\/"},{"@type":"ListItem","position":2,"name":"Biograf\u00eda"}]},{"@type":"WebSite","@id":"https:\/\/mysitio.link\/robertoali\/#website","url":"https:\/\/mysitio.link\/robertoali\/","name":"Roberto Ali","description":"","potentialAction":[{"@type":"SearchAction","target":{"@type":"EntryPoint","urlTemplate":"https:\/\/mysitio.link\/robertoali\/?s={search_term_string}"},"query-input":{"@type":"PropertyValueSpecification","valueRequired":true,"valueName":"search_term_string"}}],"inLanguage":"es"}]}},"_links":{"self":[{"href":"https:\/\/mysitio.link\/robertoali\/wp-json\/wp\/v2\/pages\/329","targetHints":{"allow":["GET"]}}],"collection":[{"href":"https:\/\/mysitio.link\/robertoali\/wp-json\/wp\/v2\/pages"}],"about":[{"href":"https:\/\/mysitio.link\/robertoali\/wp-json\/wp\/v2\/types\/page"}],"author":[{"embeddable":true,"href":"https:\/\/mysitio.link\/robertoali\/wp-json\/wp\/v2\/users\/1"}],"replies":[{"embeddable":true,"href":"https:\/\/mysitio.link\/robertoali\/wp-json\/wp\/v2\/comments?post=329"}],"version-history":[{"count":9,"href":"https:\/\/mysitio.link\/robertoali\/wp-json\/wp\/v2\/pages\/329\/revisions"}],"predecessor-version":[{"id":1117,"href":"https:\/\/mysitio.link\/robertoali\/wp-json\/wp\/v2\/pages\/329\/revisions\/1117"}],"wp:attachment":[{"href":"https:\/\/mysitio.link\/robertoali\/wp-json\/wp\/v2\/media?parent=329"}],"curies":[{"name":"wp","href":"https:\/\/api.w.org\/{rel}","templated":true}]}}