{"id":329,"date":"2024-10-13T15:56:39","date_gmt":"2024-10-13T20:56:39","guid":{"rendered":"https:\/\/mysitio.link\/angelgarcia\/?page_id=329"},"modified":"2024-11-12T20:18:40","modified_gmt":"2024-11-13T01:18:40","slug":"biografia","status":"publish","type":"page","link":"https:\/\/mysitio.link\/angelgarcia\/biografia\/","title":{"rendered":"Biograf\u00eda"},"content":{"rendered":"\t\t<div data-elementor-type=\"wp-page\" data-elementor-id=\"329\" class=\"elementor elementor-329\">\n\t\t\t\t<div class=\"elementor-element elementor-element-6038706 e-flex e-con-boxed e-con e-parent\" data-id=\"6038706\" data-element_type=\"container\" data-e-type=\"container\" data-settings=\"{&quot;background_background&quot;:&quot;classic&quot;}\">\n\t\t\t\t\t<div class=\"e-con-inner\">\n\t\t<div class=\"elementor-element elementor-element-2de456a e-con-full e-flex e-con e-child\" data-id=\"2de456a\" data-element_type=\"container\" data-e-type=\"container\" data-settings=\"{&quot;background_background&quot;:&quot;classic&quot;}\">\n\t\t\t\t<div class=\"elementor-element elementor-element-5cae2da elementor-widget__width-initial elementor-widget-mobile__width-inherit elementor-widget elementor-widget-image\" data-id=\"5cae2da\" data-element_type=\"widget\" data-e-type=\"widget\" data-widget_type=\"image.default\">\n\t\t\t\t<div class=\"elementor-widget-container\">\n\t\t\t\t\t\t\t\t\t\t\t\t\t\t\t<img fetchpriority=\"high\" decoding=\"async\" width=\"850\" height=\"850\" src=\"https:\/\/mysitio.link\/angelgarcia\/wp-content\/uploads\/sites\/12\/2024\/11\/angel-garcia-6.webp\" class=\"attachment-full size-full wp-image-726\" alt=\"\" srcset=\"https:\/\/mysitio.link\/angelgarcia\/wp-content\/uploads\/sites\/12\/2024\/11\/angel-garcia-6.webp 850w, https:\/\/mysitio.link\/angelgarcia\/wp-content\/uploads\/sites\/12\/2024\/11\/angel-garcia-6-300x300.webp 300w, https:\/\/mysitio.link\/angelgarcia\/wp-content\/uploads\/sites\/12\/2024\/11\/angel-garcia-6-150x150.webp 150w, https:\/\/mysitio.link\/angelgarcia\/wp-content\/uploads\/sites\/12\/2024\/11\/angel-garcia-6-768x768.webp 768w\" sizes=\"(max-width: 850px) 100vw, 850px\" \/>\t\t\t\t\t\t\t\t\t\t\t\t\t\t\t<\/div>\n\t\t\t\t<\/div>\n\t\t\t\t<div class=\"elementor-element elementor-element-4bc2993 elementor-widget__width-initial elementor-widget-tablet__width-initial elementor-widget elementor-widget-heading\" data-id=\"4bc2993\" data-element_type=\"widget\" data-e-type=\"widget\" data-widget_type=\"heading.default\">\n\t\t\t\t<div class=\"elementor-widget-container\">\n\t\t\t\t\t<h2 class=\"elementor-heading-title elementor-size-default\">\u00c1ngel Garc\u00eda<\/h2>\t\t\t\t<\/div>\n\t\t\t\t<\/div>\n\t\t\t\t<div class=\"elementor-element elementor-element-b79c002 elementor-widget__width-initial elementor-widget-mobile__width-inherit elementor-widget-tablet__width-inherit elementor-widget elementor-widget-text-editor\" data-id=\"b79c002\" data-element_type=\"widget\" data-e-type=\"widget\" data-widget_type=\"text-editor.default\">\n\t\t\t\t<div class=\"elementor-widget-container\">\n\t\t\t\t\t\t\t\t\t<p>\u00c1ngel Garc\u00eda, natural del municipio de Santuario, Risaralda, naci\u00f3 el 29 de octubre. Es autor, compositor e int\u00e9rprete. Su primera grabaci\u00f3n fue en el a\u00f1o 2008 con el tema <em>Amiga<\/em>. Ha participado en diversos concursos y ostenta el t\u00edtulo de \u201cEl Rey de la M\u00fasica Popular\u201d, otorgado en el Festival de la Cosecha, en Pereira, en el a\u00f1o 2016, entre otros reconocimientos.<\/p>\n<p>Como autor, ha compuesto canciones para artistas reconocidos a nivel nacional, muchas de las cuales se han convertido en \u00e9xitos ampliamente cantados y reconocidos en Colombia. Su voz ha dado vida a m\u00e1s de 70 canciones, tales como <em>Amiga<\/em>, <em>Se me acab\u00f3 el amor<\/em>, <em>Falso amor<\/em>, <em>Qu\u00e9 tontita eres<\/em>, <em>Solo un cigarrillo<\/em>, <em>Dinero maldito<\/em>, <em>El amor no naci\u00f3 para m\u00ed<\/em>, <em>Noche gris<\/em>, y <em>15 d\u00edas<\/em> (a d\u00fao con el Chico Jaramillo), entre otras.<\/p>\n<p>Con 17 a\u00f1os de carrera musical, \u00c1ngel Garc\u00eda ha recorrido la geograf\u00eda colombiana, impregnando cada presentaci\u00f3n con su pasi\u00f3n por la m\u00fasica popular, deleitando a un p\u00fablico que disfruta de este bello y exigente g\u00e9nero.<\/p>\t\t\t\t\t\t\t\t<\/div>\n\t\t\t\t<\/div>\n\t\t\t\t<\/div>\n\t\t\t\t\t<\/div>\n\t\t\t\t<\/div>\n\t\t\t\t<\/div>\n\t\t","protected":false},"excerpt":{"rendered":"<p>\u00c1ngel Garc\u00eda \u00c1ngel Garc\u00eda, natural del municipio de Santuario, Risaralda, naci\u00f3 el 29 de octubre. Es autor, compositor e int\u00e9rprete. [&hellip;]<\/p>\n","protected":false},"author":1,"featured_media":0,"parent":0,"menu_order":0,"comment_status":"closed","ping_status":"closed","template":"","meta":{"site-sidebar-layout":"no-sidebar","site-content-layout":"","ast-site-content-layout":"full-width-container","site-content-style":"default","site-sidebar-style":"default","ast-global-header-display":"disabled","ast-banner-title-visibility":"disabled","ast-main-header-display":"","ast-hfb-above-header-display":"","ast-hfb-below-header-display":"","ast-hfb-mobile-header-display":"","site-post-title":"disabled","ast-breadcrumbs-content":"","ast-featured-img":"disabled","footer-sml-layout":"disabled","ast-disable-related-posts":"","theme-transparent-header-meta":"","adv-header-id-meta":"","stick-header-meta":"","header-above-stick-meta":"","header-main-stick-meta":"","header-below-stick-meta":"","astra-migrate-meta-layouts":"default","ast-page-background-enabled":"default","ast-page-background-meta":{"desktop":{"background-color":"var(--ast-global-color-4)","background-image":"","background-repeat":"repeat","background-position":"center center","background-size":"auto","background-attachment":"scroll","background-type":"","background-media":"","overlay-type":"","overlay-color":"","overlay-opacity":"","overlay-gradient":""},"tablet":{"background-color":"","background-image":"","background-repeat":"repeat","background-position":"center center","background-size":"auto","background-attachment":"scroll","background-type":"","background-media":"","overlay-type":"","overlay-color":"","overlay-opacity":"","overlay-gradient":""},"mobile":{"background-color":"","background-image":"","background-repeat":"repeat","background-position":"center center","background-size":"auto","background-attachment":"scroll","background-type":"","background-media":"","overlay-type":"","overlay-color":"","overlay-opacity":"","overlay-gradient":""}},"ast-content-background-meta":{"desktop":{"background-color":"var(--ast-global-color-5)","background-image":"","background-repeat":"repeat","background-position":"center center","background-size":"auto","background-attachment":"scroll","background-type":"","background-media":"","overlay-type":"","overlay-color":"","overlay-opacity":"","overlay-gradient":""},"tablet":{"background-color":"var(--ast-global-color-5)","background-image":"","background-repeat":"repeat","background-position":"center center","background-size":"auto","background-attachment":"scroll","background-type":"","background-media":"","overlay-type":"","overlay-color":"","overlay-opacity":"","overlay-gradient":""},"mobile":{"background-color":"var(--ast-global-color-5)","background-image":"","background-repeat":"repeat","background-position":"center center","background-size":"auto","background-attachment":"scroll","background-type":"","background-media":"","overlay-type":"","overlay-color":"","overlay-opacity":"","overlay-gradient":""}},"footnotes":""},"class_list":["post-329","page","type-page","status-publish","hentry"],"yoast_head":"<!-- This site is optimized with the Yoast SEO plugin v27.3 - https:\/\/yoast.com\/product\/yoast-seo-wordpress\/ -->\n<title>Biograf\u00eda - \u00c1ngel Garc\u00eda<\/title>\n<meta name=\"robots\" content=\"index, follow, max-snippet:-1, max-image-preview:large, max-video-preview:-1\" \/>\n<link rel=\"canonical\" href=\"https:\/\/mysitio.link\/angelgarcia\/biografia\/\" \/>\n<meta property=\"og:locale\" content=\"es_ES\" \/>\n<meta property=\"og:type\" content=\"article\" \/>\n<meta property=\"og:title\" content=\"Biograf\u00eda - \u00c1ngel Garc\u00eda\" \/>\n<meta property=\"og:description\" content=\"\u00c1ngel Garc\u00eda \u00c1ngel Garc\u00eda, natural del municipio de Santuario, Risaralda, naci\u00f3 el 29 de octubre. Es autor, compositor e int\u00e9rprete. [&hellip;]\" \/>\n<meta property=\"og:url\" content=\"https:\/\/mysitio.link\/angelgarcia\/biografia\/\" \/>\n<meta property=\"og:site_name\" content=\"\u00c1ngel Garc\u00eda\" \/>\n<meta property=\"article:modified_time\" content=\"2024-11-13T01:18:40+00:00\" \/>\n<meta property=\"og:image\" content=\"https:\/\/mysitio.link\/angelgarcia\/wp-content\/uploads\/sites\/12\/2024\/11\/angel-garcia-6.webp\" \/>\n\t<meta property=\"og:image:width\" content=\"850\" \/>\n\t<meta property=\"og:image:height\" content=\"850\" \/>\n\t<meta property=\"og:image:type\" content=\"image\/webp\" \/>\n<meta name=\"twitter:card\" content=\"summary_large_image\" \/>\n<meta name=\"twitter:label1\" content=\"Tiempo de lectura\" \/>\n\t<meta name=\"twitter:data1\" content=\"1 minuto\" \/>\n<script type=\"application\/ld+json\" class=\"yoast-schema-graph\">{\"@context\":\"https:\\\/\\\/schema.org\",\"@graph\":[{\"@type\":\"WebPage\",\"@id\":\"https:\\\/\\\/mysitio.link\\\/angelgarcia\\\/biografia\\\/\",\"url\":\"https:\\\/\\\/mysitio.link\\\/angelgarcia\\\/biografia\\\/\",\"name\":\"Biograf\u00eda - \u00c1ngel Garc\u00eda\",\"isPartOf\":{\"@id\":\"https:\\\/\\\/mysitio.link\\\/angelgarcia\\\/#website\"},\"primaryImageOfPage\":{\"@id\":\"https:\\\/\\\/mysitio.link\\\/angelgarcia\\\/biografia\\\/#primaryimage\"},\"image\":{\"@id\":\"https:\\\/\\\/mysitio.link\\\/angelgarcia\\\/biografia\\\/#primaryimage\"},\"thumbnailUrl\":\"https:\\\/\\\/mysitio.link\\\/angelgarcia\\\/wp-content\\\/uploads\\\/sites\\\/12\\\/2024\\\/11\\\/angel-garcia-6.webp\",\"datePublished\":\"2024-10-13T20:56:39+00:00\",\"dateModified\":\"2024-11-13T01:18:40+00:00\",\"breadcrumb\":{\"@id\":\"https:\\\/\\\/mysitio.link\\\/angelgarcia\\\/biografia\\\/#breadcrumb\"},\"inLanguage\":\"es\",\"potentialAction\":[{\"@type\":\"ReadAction\",\"target\":[\"https:\\\/\\\/mysitio.link\\\/angelgarcia\\\/biografia\\\/\"]}]},{\"@type\":\"ImageObject\",\"inLanguage\":\"es\",\"@id\":\"https:\\\/\\\/mysitio.link\\\/angelgarcia\\\/biografia\\\/#primaryimage\",\"url\":\"https:\\\/\\\/mysitio.link\\\/angelgarcia\\\/wp-content\\\/uploads\\\/sites\\\/12\\\/2024\\\/11\\\/angel-garcia-6.webp\",\"contentUrl\":\"https:\\\/\\\/mysitio.link\\\/angelgarcia\\\/wp-content\\\/uploads\\\/sites\\\/12\\\/2024\\\/11\\\/angel-garcia-6.webp\",\"width\":850,\"height\":850},{\"@type\":\"BreadcrumbList\",\"@id\":\"https:\\\/\\\/mysitio.link\\\/angelgarcia\\\/biografia\\\/#breadcrumb\",\"itemListElement\":[{\"@type\":\"ListItem\",\"position\":1,\"name\":\"Portada\",\"item\":\"https:\\\/\\\/mysitio.link\\\/angelgarcia\\\/\"},{\"@type\":\"ListItem\",\"position\":2,\"name\":\"Biograf\u00eda\"}]},{\"@type\":\"WebSite\",\"@id\":\"https:\\\/\\\/mysitio.link\\\/angelgarcia\\\/#website\",\"url\":\"https:\\\/\\\/mysitio.link\\\/angelgarcia\\\/\",\"name\":\"\u00c1ngel Garc\u00eda\",\"description\":\"Cantautor Colombiano\",\"potentialAction\":[{\"@type\":\"SearchAction\",\"target\":{\"@type\":\"EntryPoint\",\"urlTemplate\":\"https:\\\/\\\/mysitio.link\\\/angelgarcia\\\/?s={search_term_string}\"},\"query-input\":{\"@type\":\"PropertyValueSpecification\",\"valueRequired\":true,\"valueName\":\"search_term_string\"}}],\"inLanguage\":\"es\"}]}<\/script>\n<!-- \/ Yoast SEO plugin. -->","yoast_head_json":{"title":"Biograf\u00eda - \u00c1ngel Garc\u00eda","robots":{"index":"index","follow":"follow","max-snippet":"max-snippet:-1","max-image-preview":"max-image-preview:large","max-video-preview":"max-video-preview:-1"},"canonical":"https:\/\/mysitio.link\/angelgarcia\/biografia\/","og_locale":"es_ES","og_type":"article","og_title":"Biograf\u00eda - \u00c1ngel Garc\u00eda","og_description":"\u00c1ngel Garc\u00eda \u00c1ngel Garc\u00eda, natural del municipio de Santuario, Risaralda, naci\u00f3 el 29 de octubre. Es autor, compositor e int\u00e9rprete. [&hellip;]","og_url":"https:\/\/mysitio.link\/angelgarcia\/biografia\/","og_site_name":"\u00c1ngel Garc\u00eda","article_modified_time":"2024-11-13T01:18:40+00:00","og_image":[{"width":850,"height":850,"url":"https:\/\/mysitio.link\/angelgarcia\/wp-content\/uploads\/sites\/12\/2024\/11\/angel-garcia-6.webp","type":"image\/webp"}],"twitter_card":"summary_large_image","twitter_misc":{"Tiempo de lectura":"1 minuto"},"schema":{"@context":"https:\/\/schema.org","@graph":[{"@type":"WebPage","@id":"https:\/\/mysitio.link\/angelgarcia\/biografia\/","url":"https:\/\/mysitio.link\/angelgarcia\/biografia\/","name":"Biograf\u00eda - \u00c1ngel Garc\u00eda","isPartOf":{"@id":"https:\/\/mysitio.link\/angelgarcia\/#website"},"primaryImageOfPage":{"@id":"https:\/\/mysitio.link\/angelgarcia\/biografia\/#primaryimage"},"image":{"@id":"https:\/\/mysitio.link\/angelgarcia\/biografia\/#primaryimage"},"thumbnailUrl":"https:\/\/mysitio.link\/angelgarcia\/wp-content\/uploads\/sites\/12\/2024\/11\/angel-garcia-6.webp","datePublished":"2024-10-13T20:56:39+00:00","dateModified":"2024-11-13T01:18:40+00:00","breadcrumb":{"@id":"https:\/\/mysitio.link\/angelgarcia\/biografia\/#breadcrumb"},"inLanguage":"es","potentialAction":[{"@type":"ReadAction","target":["https:\/\/mysitio.link\/angelgarcia\/biografia\/"]}]},{"@type":"ImageObject","inLanguage":"es","@id":"https:\/\/mysitio.link\/angelgarcia\/biografia\/#primaryimage","url":"https:\/\/mysitio.link\/angelgarcia\/wp-content\/uploads\/sites\/12\/2024\/11\/angel-garcia-6.webp","contentUrl":"https:\/\/mysitio.link\/angelgarcia\/wp-content\/uploads\/sites\/12\/2024\/11\/angel-garcia-6.webp","width":850,"height":850},{"@type":"BreadcrumbList","@id":"https:\/\/mysitio.link\/angelgarcia\/biografia\/#breadcrumb","itemListElement":[{"@type":"ListItem","position":1,"name":"Portada","item":"https:\/\/mysitio.link\/angelgarcia\/"},{"@type":"ListItem","position":2,"name":"Biograf\u00eda"}]},{"@type":"WebSite","@id":"https:\/\/mysitio.link\/angelgarcia\/#website","url":"https:\/\/mysitio.link\/angelgarcia\/","name":"\u00c1ngel Garc\u00eda","description":"Cantautor Colombiano","potentialAction":[{"@type":"SearchAction","target":{"@type":"EntryPoint","urlTemplate":"https:\/\/mysitio.link\/angelgarcia\/?s={search_term_string}"},"query-input":{"@type":"PropertyValueSpecification","valueRequired":true,"valueName":"search_term_string"}}],"inLanguage":"es"}]}},"_links":{"self":[{"href":"https:\/\/mysitio.link\/angelgarcia\/wp-json\/wp\/v2\/pages\/329","targetHints":{"allow":["GET"]}}],"collection":[{"href":"https:\/\/mysitio.link\/angelgarcia\/wp-json\/wp\/v2\/pages"}],"about":[{"href":"https:\/\/mysitio.link\/angelgarcia\/wp-json\/wp\/v2\/types\/page"}],"author":[{"embeddable":true,"href":"https:\/\/mysitio.link\/angelgarcia\/wp-json\/wp\/v2\/users\/1"}],"replies":[{"embeddable":true,"href":"https:\/\/mysitio.link\/angelgarcia\/wp-json\/wp\/v2\/comments?post=329"}],"version-history":[{"count":0,"href":"https:\/\/mysitio.link\/angelgarcia\/wp-json\/wp\/v2\/pages\/329\/revisions"}],"wp:attachment":[{"href":"https:\/\/mysitio.link\/angelgarcia\/wp-json\/wp\/v2\/media?parent=329"}],"curies":[{"name":"wp","href":"https:\/\/api.w.org\/{rel}","templated":true}]}}